{"id":15264,"date":"2015-07-21T14:19:30","date_gmt":"2015-07-21T14:19:30","guid":{"rendered":"http:\/\/uniconxml.mintithemes.com\/?page_id=15264"},"modified":"2021-01-22T19:26:23","modified_gmt":"2021-01-22T19:26:23","slug":"espadia","status":"publish","type":"page","link":"https:\/\/espadia.ba\/v1\/","title":{"rendered":"Espadia Home"},"content":{"rendered":"<p>[vc_row type=&#8221;full_width_section&#8221; full_height=&#8221;true&#8221; row_id=&#8221;start&#8221;][vc_column width=&#8221;1\/1&#8243;][rev_slider_vc alias=&#8221;fullscreen&#8221;][\/vc_column][\/vc_row][vc_row type=&#8221;full_width_section&#8221; bg_color=&#8221;#111111&#8243; text_color=&#8221;light&#8221;][vc_column column_padding=&#8221;padding-4&#8243; column_center=&#8221;true&#8221; width=&#8221;1\/3&#8243;]<div class=\"iconbox  wpb_content_element iconbox-style-3 icon-color-accent color-dark\"><i class=\"fa sl-user boxicon\" style=\"\"><\/i><h3>O nama<\/h3><p>Arhitektonski studio <strong>ESPADIA<\/strong> je projektantska firma a osniva\u010d je Edib Spahi\u0107, dipl.ing.arh. Nalazimo se u Sarajevu, a bavimo se projektovanjem objekata na prostoru cijele Bosne i Hercegovine. Osnovne djelatnosti firme su arhitektonsko projektovanje, in\u017eenjerske usluge i tehni\u010dko savjetovanje.<\/p><\/div>[\/vc_column][vc_column bg_color=&#8221;#2b2b2b&#8221; column_padding=&#8221;padding-4&#8243; width=&#8221;1\/3&#8243;]<div class=\"iconbox  wpb_content_element iconbox-style-3 icon-color-accent color-dark\"><i class=\"fa sl-pencil boxicon\" style=\"\"><\/i><h3>Projektovanje<\/h3><p>Vr\u0161imo arhitektonsko projektovanje svih vrsta objekata visokogradnje kao i projektovanje enterijera. Na\u0161i projekti imaju kompletnu investiciono-tehni\u010dku dokumentaciju a razvrstani su kao: idejni projekti, glavni projekti i projekti enterijera.<\/p><\/div>[\/vc_column][vc_column bg_color=&#8221;#3d3d3d&#8221; column_padding=&#8221;padding-4&#8243; width=&#8221;1\/3&#8243;]<div class=\"iconbox  wpb_content_element iconbox-style-3 icon-color-accent color-dark\"><i class=\"fa sl-bubbles boxicon\" style=\"\"><\/i><h3>Konsalting<\/h3><p>Tehni\u010dkim savjetovanjem dajemo klijentima maksimalnu pomo\u0107, po\u0161tuju\u0107i njihove zahtjeve te mogu\u0107nosti njihove implementacije u prostoru, a imaju\u0107i u vidu eknomi\u010dnost i funkcionalnost u toku kori\u0161tenja te u\u0161tedu pri izgradnji.<\/p><\/div>[\/vc_column][\/vc_row][vc_row top_padding=&#8221;120&#8243; bottom_padding=&#8221;120&#8243;][vc_column width=&#8221;1\/1&#8243;]<div class=\"single_image wpb_content_element align-center  animate   \" data-animation=\"fade-in\" data-delay=\"50\"><img width=\"500\" height=\"125\" src=\"https:\/\/espadia.ba\/v1\/wp-content\/uploads\/2018\/12\/espadia_logo_500x125.png\" class=\"attachment-full\" alt=\"\" decoding=\"async\" loading=\"lazy\" title=\"\" srcset=\"https:\/\/espadia.ba\/v1\/wp-content\/uploads\/2018\/12\/espadia_logo_500x125.png 500w, https:\/\/espadia.ba\/v1\/wp-content\/uploads\/2018\/12\/espadia_logo_500x125-300x75.png 300w\" sizes=\"(max-width: 500px) 100vw, 500px\" \/><\/div>[\/vc_column][\/vc_row][vc_row type=&#8221;full_width_section&#8221;][vc_column width=&#8221;1\/1&#8243;]<div class=\"newdivider align-center\" style=\"border-bottom-style: solid; border-color: #c9c9c9; border-bottom-width: 1px; margin-top: 0; margin-bottom: 0; width: 100%; \"><\/div><div class=\"clear\"><\/div>[\/vc_column][\/vc_row][vc_row type=&#8221;full_width_section&#8221; row_id=&#8221;usluge&#8221;][vc_column bg_color=&#8221;#f9f9f9&#8243; column_padding=&#8221;padding-7&#8243; column_center=&#8221;true&#8221; width=&#8221;1\/2&#8243;]<div class=\"headline font-special fontsize-xs fontweight-700 lh-inherit align-left transform-uppercase ls-1\" style=\"margin: 0 0 -10px 0; color: #c5882f;\">Projektovanje<\/div><h2 class=\"headline font-special fontsize-xxxl fontweight-700 lh-inherit align-left transform-uppercase \" style=\"margin: 0 0 0 0;\">IDEJNI PROJEKTI<\/h2><div class=\"divider divider5\" style='margin:10px 0 25px 0 !important;'><\/div>[vc_column_text]<strong>Prvi i najva\u017eniji korak za Va\u0161u budu\u0107u investiciju jeste idejni projekat.<\/strong><br \/>\nESPADIA Arhitektura nudi projektovanje svih vrsta objekata visokogradnje kao \u0161to su:<\/p>\n<ul>\n<li>STAMBENI I STAMBENO-POSLOVNI OBJEKTI,<\/li>\n<li>PRIVREDNI I JAVNI OBJEKTI,<\/li>\n<li>VJERSKI OBJEKTI,<\/li>\n<li>PROJEKTOVANJE ENTERIJERA.<\/li>\n<\/ul>\n<p>[\/vc_column_text][\/vc_column][vc_column bg_image=&#8221;15819&#8243; column_padding=&#8221;padding-7&#8243; column_center=&#8221;true&#8221; width=&#8221;1\/2&#8243;]<div class=\"spacer\" style=\"height: 280px;\"><\/div>[\/vc_column][\/vc_row][vc_row type=&#8221;full_width_section&#8221;][vc_column bg_image=&#8221;15719&#8243; column_padding=&#8221;padding-7&#8243; column_center=&#8221;true&#8221; width=&#8221;1\/2&#8243;]<div class=\"spacer\" style=\"height: 280px;\"><\/div>[\/vc_column][vc_column bg_color=&#8221;#222222&#8243; column_padding=&#8221;padding-7&#8243; column_center=&#8221;true&#8221; text_color=&#8221;light&#8221; width=&#8221;1\/2&#8243;]<div class=\"headline font-special fontsize-xs fontweight-700 lh-inherit align-left transform-uppercase ls-1\" style=\"margin: 0 0 -10px 0; color: #c5882f;\">PROJEKTOVANJE<\/div><h2 class=\"headline font-special fontsize-xxxl fontweight-700 lh-inherit align-left transform-uppercase \" style=\"margin: 0 0 0 0;\">GLAVNI PROJEKTI<\/h2><div class=\"divider divider5\" style='margin:10px 0 25px 0 !important;'><\/div>[vc_column_text]Na\u0161i projekti imaju pokrivene sve faze tehni\u010dkom dokumentacijom i to:<\/p>\n<p>arhitektonski projekat, projekat konstrukcije, projekat vodovoda i kanalizacije,<br \/>\nprojekat elektroinstalacija, projekat ma\u0161inskih instalacija, projekat vanjskog ure\u0111enja.<\/p>\n<h3>Pored izrade projektne dokumentacije bavimo\u00a0se jo\u0161 i svim vrstama nadzora nad izvo\u0111enjem\u00a0gra\u0111avina te usluge tehni\u010dkog savjetovanja.<\/h3>\n<p>[\/vc_column_text][\/vc_column][\/vc_row][vc_row type=&#8221;full_width_section&#8221;][vc_column bg_color=&#8221;#f9f9f9&#8243; column_padding=&#8221;padding-7&#8243; column_center=&#8221;true&#8221; width=&#8221;1\/2&#8243;]<div class=\"headline font-special fontsize-xs fontweight-700 lh-inherit align-left transform-uppercase ls-1\" style=\"margin: 0 0 -10px 0; color: #c5882f;\">Projektovanje<\/div><h2 class=\"headline font-special fontsize-xxxl fontweight-700 lh-inherit align-left transform-uppercase \" style=\"margin: 0 0 0 0;\">DIZAJN ENTERIJERA<\/h2><div class=\"divider divider5\" style='margin:10px 0 25px 0 !important;'><\/div>[vc_column_text]ESPADIA Arhitektura nudi osmi\u0161ljavanje i projektovanje enterijera svih vrsta objekata.<br \/>\nPrvo se radi idejni projekat enterijera sa vrhunskom 3d vizualizacijom a nakon toga ukoliko klijent \u017eeli radi se novi izvedbeni projekat sa svom potrebnom dokumentacijom i specifikacijom materijala.[\/vc_column_text][\/vc_column][vc_column bg_image=&#8221;16022&#8243; column_padding=&#8221;padding-7&#8243; column_center=&#8221;true&#8221; width=&#8221;1\/2&#8243;]<div class=\"spacer\" style=\"height: 280px;\"><\/div>[\/vc_column][\/vc_row][vc_row type=&#8221;full_width_section&#8221;][vc_column bg_image=&#8221;15751&#8243; column_padding=&#8221;padding-7&#8243; column_center=&#8221;true&#8221; width=&#8221;1\/2&#8243;]<div class=\"spacer\" style=\"height: 280px;\"><\/div>[\/vc_column][vc_column bg_color=&#8221;#222222&#8243; column_padding=&#8221;padding-7&#8243; column_center=&#8221;true&#8221; text_color=&#8221;light&#8221; width=&#8221;1\/2&#8243;]<div class=\"headline font-special fontsize-xs fontweight-700 lh-inherit align-left transform-uppercase ls-1\" style=\"margin: 0 0 -10px 0; color: #c5882f;\">PREZENTACIJA OBJEKATA<\/div><div class=\"spacer\" style=\"height: 15px;\"><\/div><h2 class=\"headline font-special fontsize-xxxl fontweight-700 lh-12 align-left transform-uppercase \" style=\"margin: 0 0 0 0;\">ARHITEKTONSKA VIZUALIZACIJA<\/h2><div class=\"divider divider5\" style='margin:25px 0 25px 0 !important;'><\/div>[vc_column_text]Sa na\u0161om partnerskom firmom <a href=\"http:\/\/www.level.ba\" target=\"_blank\" rel=\"noopener\"><strong>Level Studio<\/strong><\/a>, nudimo <strong>kompletnu uslugu vrhunske prezentacije<\/strong> za Va\u0161 objekat bilo da se radi o budu\u0107em ili postoje\u0107em objektu.<br \/>\nNa jednom mjestu za Va\u0161 objekat mo\u017eete dobiti:<\/p>\n<ul>\n<li>vizualizaciju eksterijera i enterijera,<\/li>\n<li>animaciju i video spot,<\/li>\n<li>izradu webstranice,<\/li>\n<li>dizajn i izradu kataloga, bro\u0161ure, flyera i bilborda,<\/li>\n<li>snimanje dronom.<\/li>\n<\/ul>\n<p>[\/vc_column_text][\/vc_column][\/vc_row][vc_row top_padding=&#8221;100&#8243; bottom_padding=&#8221;100&#8243; row_id=&#8221;reference&#8221;][vc_column width=&#8221;1\/1&#8243;][vc_column_text]<\/p>\n<h5 class=\"highlight\"><strong>REFERENCE<\/strong><\/h5>\n<p>Dugogodi\u0161nje iskustvo i predan rad sa klijentima omogu\u0107ili su da Espadia Arhitektura postane pouzdan partner investitorima.<br \/>\nPopis na\u0161ih referentnih projekata pogledajte u nastavku <strong>klikom na vrstu objekta<\/strong>.[\/vc_column_text]<div class=\"spacer\" style=\"height: 10px;\"><\/div>[vc_tta_accordion style=&#8221;flat&#8221; shape=&#8221;square&#8221; color=&#8221;black&#8221; spacing=&#8221;2&#8243; c_icon=&#8221;chevron&#8221; active_section=&#8221;30&#8243; no_fill=&#8221;true&#8221;][vc_tta_section title=&#8221;INDIVIDUALNI STAMBENI OBJEKTI&#8221; tab_id=&#8221;1545502194806-e9ab8f68-34db&#8221;]<div class=\"minti_list wpb_content_element color-accent circlearrow\" style=\"\">\n<ul>\n<li><strong>Obiteljska ku\u0107a SAX <\/strong>\/ Gra\u010danica \/ IP:2006. \/ GP:2007. \/ P=450m<sup>2<\/sup><\/li>\n<li><strong>Obiteljska ku\u0107a HASI\u0106 <\/strong>\/ Gra\u010danica \/ IP:2009. \/ GP:2009. \/ P=280m<sup>2<\/sup><\/li>\n<li><strong>Obiteljska ku\u0107a \u0110ULI\u0106 <\/strong>\/ Drafni\u0107i-Gra\u010danica \/ IP:2009. \/ GP:2009. \/ P=210m<sup>2<\/sup><\/li>\n<li><strong>Obiteljska ku\u0107a SREBRENIK <\/strong>\/ Srebrenik \/ IP:2009. \/ GP:2009. \/ P=220m<sup>2<\/sup><\/li>\n<li><strong>Stambeno-poslovni objekat HUSANOVI\u0106 <\/strong>\/ Luke-Gra\u010danica \/ IP:2011. \/ GP:2012. \/ P=360m<sup>2<\/sup><\/li>\n<li><strong>Ku\u0107a ESPADIA <\/strong>\/ Sarajevo \/ IP:2011. \/ P=450m<sup>2<\/sup><\/li>\n<li><strong>Obiteljska ku\u0107a INDEX <\/strong>\/ Gra\u010danica \/ IP:2011. \/ GP:2012. \/ P=620m<sup>2<\/sup><\/li>\n<li><strong>Ku\u0107a SPAHI\u0106 <\/strong>\/ Piskavica-Gra\u010danica \/ IP:2011. \/ GP:2012. \/ P=180m<sup>2<\/sup><\/li>\n<li><strong>Vikend objekat HAMIDOVI\u0106 <\/strong>\/ Gra\u010danica \/ IP:2012. \/ GP:2013. \/ P=100m<sup>2<\/sup><\/li>\n<li><strong>Obiteljska ku\u0107a \u0160ERBE\u010cI\u0106 <\/strong>\/ Gra\u010danica \/ IP:2012. \/ GP:2013. \/ P=285m<sup>2<\/sup><\/li>\n<li><strong>Vikend objekat HUSKI\u0106 <\/strong>\/ Sarajevo \/ IP:2013. \/ P=120m<sup>2<\/sup><\/li>\n<li><strong>Obiteljska ku\u0107a DELIVER <\/strong>\/ Salzburg Austria \/ IP:2013. \/ P=190m<sup>2<\/sup><\/li>\n<li><strong>Apartmani TURKOVI\u0106 <\/strong>\/ Ilid\u017ea \/ IP:2015. \/ P=120m<sup>2<\/sup><\/li>\n<li><strong>Obiteljska ku\u0107a GRAPKI\u0106 <\/strong>\/ Gra\u010danica \/ IP:2016. \/ GP:2016. \/ P=140m<sup>2<\/sup><\/li>\n<li><strong>Obiteljska ku\u0107a BAZEN <\/strong>\/ Gra\u010danica \/ IP:2016. \/GP:2016. \/ P=180m<sup>2<\/sup><\/li>\n<li><strong>Obiteljska ku\u0107a KURTANOVI\u0106 <\/strong>\/ Njema\u010dka \/ IP:2017. \/ GP:2018. \/ P=325m<sup>2<\/sup><\/li>\n<li><strong>Stambeni objekti\u00a0 Vila 1 &amp; Vila2 KROMOLJ <\/strong>\/ Kromolj Sarajevo \/ IP:2017. \/ GP:2017. \/ P=2 x 220m<sup>2<\/sup><\/li>\n<\/ul>\n<\/div>[\/vc_tta_section][vc_tta_section title=&#8221;STAMBENO-POSLOVNI OBJEKTI&#8221; tab_id=&#8221;1545502194827-d37ddf71-dea6&#8243;]<div class=\"minti_list wpb_content_element color-accent circlearrow\" style=\"\">\n<ul>\n<li><strong>Stambeno-poslovni objekat KEJ <\/strong>\/ Centar-Gra\u010danica \/ IP:2007 \/ P=700m<sup>2<\/sup><\/li>\n<li><strong>Stambeni objekat MIRNA &#8211; NASELJE JUG <\/strong>\/ Rije\u010dka-Gra\u010danica \/ IP:2008. \/ GP: 2009. \/ P=3900m<sup>2 <\/sup>\/ 42 stana<\/li>\n<li><strong>Stambeno-poslovni objekat PRIBAVA <\/strong>\/ Pribava-Gra\u010danica \/ IP:2009. \/ GP:2010. \/ P=480m<sup>2<\/sup><\/li>\n<li><strong>Stambeno-poslovni objekat MIRNA Trepani\u0107i <\/strong>\/ Trepani\u0107i -Gra\u010danica \/ IP:2013. \/ GP:2014. \/ P=1350m<sup>2 <\/sup>\/ 17 stanova+PP<\/li>\n<li><strong>Stambeni objekat D\u017dAMBO Rita\u0161i\u0107i <\/strong>\/ Rita\u0161i\u0107i-Gra\u010danica \/ IP:2012. \/ GP: 2015. \/ P=250m<sup>2 <\/sup>\/ 4 stana<\/li>\n<li><strong>Stambeno-poslovni objekat MIRNA Rije\u010dka <\/strong>\/ Rije\u010dka-Gra\u010danica \/ IP:2016. \/ GP:2016. \/ P=800m<sup>2 <\/sup>\/ 10 stanova+PP<\/li>\n<li><strong>Stambeno-poslovni objekat RIPPING <\/strong>\/ Sarajevo \/ IP:2015. \/ GP:2017. \/ P=750m<sup>2 <\/sup>\/ 6 stanova+PP<\/li>\n<li><strong>Stambeni objekat SAGRA \u010cIRI\u0160 <\/strong>\/ \u010ciri\u0161-Gra\u010danica \/ IP:2016. \/ P=850m<sup>2 <\/sup>\/ 9 stanova<\/li>\n<li><strong>Stambeni objekat D\u017eenex &#8211; OAZA Lamela A1 <\/strong>\/ Mosnik &#8211; Tuzla \/ IP:2017. \/ GP:2017. \/ P=4000m<sup>2 <\/sup>\/ 68 stanova<\/li>\n<li><strong>Stambeno-poslovni objekat \u00a0MERGEN <\/strong>\/ Luke &#8211; Gra\u010danica \/ IP:2018. \/ P=900m<sup>2<\/sup><\/li>\n<li><strong>Stambeni objekat D\u017eenex &#8211; OAZA Lamela A2 i A3 <\/strong>\/ Mosnik &#8211; Tuzla \/ IP:2018. \/ GP:2018. \/ P=2 x 3600m<sup>2 <\/sup>\/ 2 x 62 stana<\/li>\n<li><strong>Stambeni objekat SAGRA &#8211; Kori\u0107a Han <\/strong>\/ Kori\u0107a Han &#8211; Gra\u010danica \/ IP:2017. \/ GP:2018. \/ P=3250m<sup>2 <\/sup>\/ 41 stan<\/li>\n<li><strong>Stambeno-poslovni objekat CENTAR <\/strong>\/ Gra\u010danica \/ IP:2018. \/ P=400m<sup>2 <\/sup>\/ 36 stanova+PP<\/li>\n<\/ul>\n<\/div>[\/vc_tta_section][vc_tta_section title=&#8221;JAVNI I PRIVREDNI OBJEKTI&#8221; tab_id=&#8221;1545503525757-02cb7dca-b110&#8243;]<div class=\"minti_list wpb_content_element color-accent circlearrow\" style=\"\">\n<ul>\n<li><strong>Proizvodni pogon CYDONIA <\/strong>\/ Lipa &#8211; Gra\u010danica \/ IP:2008. \/ GP:2009. \/ P=300m<sup>2<br \/>\n<\/sup><\/li>\n<li><strong>Internatski centar EMMAUS Poto\u010dari <\/strong>\/ Poto\u010dari \/ IP:2009. \/ GP:2010. \/ P=700m<sup>2<\/sup><\/li>\n<li><strong>Centar ZA OBRAZOVANJE ODRASLIH <\/strong>\/ Luke &#8211; Gra\u010danica \/ IP:2010. \/ P=430m<sup>2<\/sup><\/li>\n<li><strong>Poslovni objekat TRGOVIR <\/strong>\/ Stjepan Polje &#8211; Gra\u010danica \/ IP:2010. \/ GP:2010. \/ P=1200m<sup>2<\/sup><\/li>\n<li><strong>Emmaus SIGURNA KU\u0106A <\/strong>\/ Duje &#8211; Doboj Istok \/ IP:2012. \/ P=750m<sup>2<\/sup><\/li>\n<li><strong>Centar za odgoj djece i omladine EMMAUS <\/strong>\/ Duje &#8211; Doboj Istok \/ IP:2012. \/ GP:2014 \/ Povr\u0161ine: Objekat A = 900m<sup>2<\/sup>; B = 380m<sup>2<\/sup>; C = 6 x 60m<sup>2<\/sup><\/li>\n<li><strong>Poslovni objekti MOTOREX-a <\/strong>\/ BiH \/ IP:2013-2017. \/ GP:2013-2017.<\/li>\n<li><strong>Restoran i salon KOVAN <\/strong>\/ Gra\u010danica \/ IP:2016. \/ P=900m<sup>2<\/sup><\/li>\n<li><strong>Centar\u00a0 Emmaus GERIATRIJA <\/strong>\/ Duje &#8211; Doboj Istok \/ P:2016. \/ GP:2017 \/ P= 1000m<sup>2<\/sup><\/li>\n<li><strong>Objekat za DJECU SA POSEBNIM POTREBAMA <\/strong>\/ Duje &#8211; Doboj Istok \/ IP:2013. \/ GP:2016 \/ P=1625m<sup>2<\/sup><\/li>\n<li><strong>Urbanisti\u010dko rije\u0161enje kompleksa D\u017eenex &#8211; OAZA <\/strong>\/ Mosnik -Tuzla \/ IP:2017. \/ GP:2017. \/ P=12000m<sup>2 <\/sup>\/ 6 objekata<\/li>\n<li><strong>AMBULANTA EMMAUS <\/strong>\/ Duje &#8211; Doboj Istok \/ IP:2015. \/ GP:2017 \/ P=400m<sup>2<\/sup><\/li>\n<li><strong>Poslovni objekat HERBOS TRADE <\/strong>\/ Ilid\u017ea \/ IP:2018. \/ GP:2018. \/ P=250m<sup>2<\/sup><\/li>\n<li><strong>Centar za EDUKACIJU Poto\u010dari <\/strong>\/ Poto\u010dari \/ IP:2018. \/ Objekat P=350m<sup>2<\/sup>, Sport. tereni P=1050m<sup>2 <\/sup>\/ objekat + sportski tereni<\/li>\n<\/ul>\n<\/div>[\/vc_tta_section][vc_tta_section title=&#8221;VJERSKI OBJEKTI&#8221; tab_id=&#8221;1545503551899-657cc3b3-f38b&#8221;]<div class=\"minti_list wpb_content_element color-accent circlearrow\" style=\"\">\n<ul>\n<li><b>USKORO<\/b><\/li>\n<\/ul>\n<\/div>[\/vc_tta_section][\/vc_tta_accordion][\/vc_column][\/vc_row][vc_row bg_color=&#8221;#222222&#8243; text_color=&#8221;light&#8221; text_align=&#8221;center&#8221; top_padding=&#8221;100&#8243; bottom_padding=&#8221;80&#8243; row_id=&#8221;projekti&#8221;][vc_column width=&#8221;1\/1&#8243;]<h2 class=\"headline font-special fontsize-xxxl fontweight-700 lh-12 align-center transform-uppercase \" style=\"margin: 0 0 0 0;\">IZDVOJENI PROJEKTI<\/h2><h5 class=\"headline font-special fontsize-s fontweight-300 lh-12 align-center transform-uppercase \" style=\"margin: 20px 0 0 0;\">U nastavku pogledajte neke od na\u0161ih projekata koje smo izdvojili.<\/h5><div class=\"spacer\" style=\"height: 15px;\"><\/div>[\/vc_column][\/vc_row][vc_row bg_color=&#8221;#222222&#8243; text_color=&#8221;light&#8221; text_align=&#8221;center&#8221; bottom_padding=&#8221;100&#8243;][vc_column width=&#8221;1\/1&#8243;]\n\t\t<div class=\"portfolio-element\">\n\n\t\t\n\t\t\t\t\t<div class=\"container\">\n\t\t\n\t\t\t\t\t<div id=\"722884355\" class=\"portfolio-items portfolio-default portfolio-overlay-icon clearfix\" data-id=\"722884355\">  \n\t\t\t\t\t\t\n\t\t\t\t\t\t\t\n\t\t\t\t\t\t\t\n\t\t\t\t\t\t\n\t\t\t\t\t\t\t\t\t\t\t\t\t\t\t\t\n\t\t\t\t\t\t\t\t   \n\n\t\t\t\t\t\t\t\t<div class=\"term-idejni portfolio-item one-third column\">\n\t\t\t\t\t\t\t\t\t<div class=\"portfolio-image\"><a href=\"https:\/\/espadia.ba\/v1\/portfolio-item\/so-korica-han-b\/\" title=\"Stambeni objekat &#8220;Kori\u0107a Han&#8221; Lamela B\"><div class=\"portfolio-image-img\"><img src=\"https:\/\/espadia.ba\/v1\/wp-content\/uploads\/2021\/01\/projek_10-1-600x400.jpg\" alt=\"Stambeni objekat &#8220;Kori\u0107a Han&#8221; Lamela B\" \/><\/div><div class=\"portfolio-overlay overlay-icon\"><\/div><i class=\"icon-minti-plus\"><\/i><\/a><\/div>\n\t\t\t\t\t\t\t\t\t<h4><a href=\"https:\/\/espadia.ba\/v1\/portfolio-item\/so-korica-han-b\/\" title=\"Stambeni objekat &#8220;Kori\u0107a Han&#8221; Lamela B\">Stambeni objekat &#8220;Kori\u0107a Han&#8221; Lamela B<\/a><\/h4>\n\t\t\t\t\t\t\t\t\t<span class=\"portfolio-subtitle\">Gra\u010danica<\/span>\n\t\t\t\t\t\t\t\t<\/div>\n\n\t\t\t\t\t\t\t\t\t\t\t\t  \n\t\t\t\t\t\t\n\t\t\t\t\t\t\t\n\t\t\t\t\t\t\t\n\t\t\t\t\t\t\n\t\t\t\t\t\t\t\t\t\t\t\t\t\t\t\t\n\t\t\t\t\t\t\t\t   \n\n\t\t\t\t\t\t\t\t<div class=\"term-idejni portfolio-item one-third column\">\n\t\t\t\t\t\t\t\t\t<div class=\"portfolio-image\"><a href=\"https:\/\/espadia.ba\/v1\/portfolio-item\/spo-mirna-trepanici\/\" title=\"Stambeno-poslovni objekat &#8220;MIRNA&#8221;\"><div class=\"portfolio-image-img\"><img src=\"https:\/\/espadia.ba\/v1\/wp-content\/uploads\/2021\/01\/projek_09-2-600x400.jpg\" alt=\"Stambeno-poslovni objekat &#8220;MIRNA&#8221;\" \/><\/div><div class=\"portfolio-overlay overlay-icon\"><\/div><i class=\"icon-minti-plus\"><\/i><\/a><\/div>\n\t\t\t\t\t\t\t\t\t<h4><a href=\"https:\/\/espadia.ba\/v1\/portfolio-item\/spo-mirna-trepanici\/\" title=\"Stambeno-poslovni objekat &#8220;MIRNA&#8221;\">Stambeno-poslovni objekat &#8220;MIRNA&#8221;<\/a><\/h4>\n\t\t\t\t\t\t\t\t\t<span class=\"portfolio-subtitle\">Gra\u010danica<\/span>\n\t\t\t\t\t\t\t\t<\/div>\n\n\t\t\t\t\t\t\t\t\t\t\t\t  \n\t\t\t\t\t\t\n\t\t\t\t\t\t\t\n\t\t\t\t\t\t\t\n\t\t\t\t\t\t\n\t\t\t\t\t\t\t\t\t\t\t\t\t\t\t\t\n\t\t\t\t\t\t\t\t   \n\n\t\t\t\t\t\t\t\t<div class=\"term-javni_privredni portfolio-item one-third column\">\n\t\t\t\t\t\t\t\t\t<div class=\"portfolio-image\"><a href=\"https:\/\/espadia.ba\/v1\/portfolio-item\/centar-emmaus\/\" title=\"Centar za djecu i mlade &#8220;EMMAUS&#8221;\"><div class=\"portfolio-image-img\"><img src=\"https:\/\/espadia.ba\/v1\/wp-content\/uploads\/2021\/01\/projek_06-5-600x400.jpg\" alt=\"Centar za djecu i mlade &#8220;EMMAUS&#8221;\" \/><\/div><div class=\"portfolio-overlay overlay-icon\"><\/div><i class=\"icon-minti-plus\"><\/i><\/a><\/div>\n\t\t\t\t\t\t\t\t\t<h4><a href=\"https:\/\/espadia.ba\/v1\/portfolio-item\/centar-emmaus\/\" title=\"Centar za djecu i mlade &#8220;EMMAUS&#8221;\">Centar za djecu i mlade &#8220;EMMAUS&#8221;<\/a><\/h4>\n\t\t\t\t\t\t\t\t\t<span class=\"portfolio-subtitle\">Doboj Istok<\/span>\n\t\t\t\t\t\t\t\t<\/div>\n\n\t\t\t\t\t\t\t\t\t\t\t\t  \n\t\t\t\t\t\t\t\t\t\t\t<\/div>\n\n\t\t\t\t\t<\/div>\n\t\t\n\t\t<\/div>\n\t\t\t\n\t\t\t\t\n\t\t<a href=\"https:\/\/espadia.ba\/v1\/projekti\/\" target=\"_self\" class=\"button color-3 large \" style=\"border-radius: 4px;\">SVI IZDVOJENI PROJEKTI<\/a>[\/vc_column][\/vc_row][vc_row top_padding=&#8221;60&#8243; bottom_padding=&#8221;60&#8243; row_id=&#8221;kontakt&#8221;][vc_column width=&#8221;1\/4&#8243;][vc_column_text]<img decoding=\"async\" loading=\"lazy\" class=\"alignnone size-full wp-image-15540\" src=\"https:\/\/espadia.ba\/v1\/wp-content\/uploads\/2018\/12\/espadia_logo_200@2x.png\" alt=\"\" width=\"160\" height=\"40\" srcset=\"https:\/\/espadia.ba\/v1\/wp-content\/uploads\/2018\/12\/espadia_logo_200@2x.png 400w, https:\/\/espadia.ba\/v1\/wp-content\/uploads\/2018\/12\/espadia_logo_200@2x-300x75.png 300w\" sizes=\"(max-width: 160px) 100vw, 160px\" \/>[\/vc_column_text][\/vc_column][vc_column width=&#8221;1\/4&#8243;][vc_column_text]<strong>ESPADIA Arhitektura<\/strong><br \/>\nVl. Edib Spahi\u0107, dipl.ing.arh.<br \/>\nKolodvorska 7, 71000 Sarajevo<br \/>\nBosna i Hercegovina[\/vc_column_text][\/vc_column][vc_column width=&#8221;1\/4&#8243;][vc_column_text]<\/p>\n<p style=\"text-align: left;\"><i class=\"fa fa-phone minti-icon\" style=\"color:#888888 !important; font-size: 16px; margin: 0px 2px 0px 0px\"><\/i> +387 61 282 192<br \/>\n<i class=\"fa fa-phone minti-icon\" style=\"color:#888888 !important; font-size: 16px; margin: 0px 2px 0px 0px\"><\/i> +387 33 861 337<br \/>\n<i class=\"fa fa-envelope minti-icon\" style=\"color:#888888 !important; font-size: 15px; margin: 0px 0px 0px 0px\"><\/i> edib@espadia.ba<\/p>\n<p>[\/vc_column_text][\/vc_column][vc_column width=&#8221;1\/4&#8243;][vc_column_text]ID broj: 4303123090001<br \/>\nBroj rje\u0161enja: 03-21-223\/18<br \/>\nASA BANKA DD Sarajevo:<br \/>\n134-470-100299-9775[\/vc_column_text][\/vc_column][\/vc_row][vc_row bg_color=&#8221;#c5882f&#8221; bottom_padding=&#8221;7&#8243;][vc_column width=&#8221;1\/1&#8243;][\/vc_column][\/vc_row]<\/p>\n","protected":false},"excerpt":{"rendered":"<p>[vc_row type=&#8221;full_width_section&#8221; full_height=&#8221;true&#8221; row_id=&#8221;start&#8221;][vc_column width=&#8221;1\/1&#8243;][rev_slider_vc alias=&#8221;fullscreen&#8221;][\/vc_column][\/vc_row][vc_row type=&#8221;full_width_section&#8221; bg_color=&#8221;#111111&#8243; text_color=&#8221;light&#8221;][vc_column column_padding=&#8221;padding-4&#8243; column_center=&#8221;true&#8221; width=&#8221;1\/3&#8243;][\/vc_column][vc_column bg_color=&#8221;#2b2b2b&#8221; column_padding=&#8221;padding-4&#8243; width=&#8221;1\/3&#8243;][\/vc_column][vc_column bg_color=&#8221;#3d3d3d&#8221; column_padding=&#8221;padding-4&#8243; width=&#8221;1\/3&#8243;][\/vc_column][\/vc_row][vc_row top_padding=&#8221;120&#8243; bottom_padding=&#8221;120&#8243;][vc_column width=&#8221;1\/1&#8243;][\/vc_column][\/vc_row][vc_row type=&#8221;full_width_section&#8221;][vc_column width=&#8221;1\/1&#8243;][\/vc_column][\/vc_row][vc_row type=&#8221;full_width_section&#8221; row_id=&#8221;usluge&#8221;][vc_column bg_color=&#8221;#f9f9f9&#8243; column_padding=&#8221;padding-7&#8243; column_center=&#8221;true&#8221; width=&#8221;1\/2&#8243;][vc_column_text]Prvi i najva\u017eniji korak za Va\u0161u budu\u0107u investiciju jeste idejni projekat. ESPADIA Arhitektura nudi projektovanje svih vrsta objekata visokogradnje kao \u0161to su: STAMBENI I STAMBENO-POSLOVNI OBJEKTI, PRIVREDNI I JAVNI OBJEKTI, VJERSKI OBJEKTI, PROJEKTOVANJE ENTERIJERA. [\/vc_column_text][\/vc_column][vc_column bg_image=&#8221;15819&#8243; column_padding=&#8221;padding-7&#8243; column_center=&#8221;true&#8221; width=&#8221;1\/2&#8243;][\/vc_column][\/vc_row][vc_row type=&#8221;full_width_section&#8221;][vc_column bg_image=&#8221;15719&#8243; column_padding=&#8221;padding-7&#8243; column_center=&#8221;true&#8221; width=&#8221;1\/2&#8243;][\/vc_column][vc_column bg_color=&#8221;#222222&#8243; column_padding=&#8221;padding-7&#8243; column_center=&#8221;true&#8221; text_color=&#8221;light&#8221; width=&#8221;1\/2&#8243;][vc_column_text]Na\u0161i projekti imaju pokrivene sve faze tehni\u010dkom dokumentacijom i to: arhitektonski projekat, projekat konstrukcije, projekat vodovoda i kanalizacije, projekat elektroinstalacija, projekat ma\u0161inskih instalacija, projekat vanjskog ure\u0111enja. Pored izrade projektne dokumentacije bavimo\u00a0se jo\u0161 i svim vrstama nadzora nad izvo\u0111enjem\u00a0gra\u0111avina te usluge tehni\u010dkog savjetovanja. [\/vc_column_text][\/vc_column][\/vc_row][vc_row type=&#8221;full_width_section&#8221;][vc_column bg_color=&#8221;#f9f9f9&#8243; column_padding=&#8221;padding-7&#8243; column_center=&#8221;true&#8221; width=&#8221;1\/2&#8243;][vc_column_text]ESPADIA Arhitektura nudi osmi\u0161ljavanje i projektovanje enterijera svih vrsta objekata. Prvo se radi idejni projekat enterijera sa vrhunskom 3d vizualizacijom a nakon toga ukoliko klijent \u017eeli radi se novi izvedbeni projekat sa svom potrebnom dokumentacijom i specifikacijom materijala.[\/vc_column_text][\/vc_column][vc_column bg_image=&#8221;16022&#8243; column_padding=&#8221;padding-7&#8243; column_center=&#8221;true&#8221; width=&#8221;1\/2&#8243;][\/vc_column][\/vc_row][vc_row type=&#8221;full_width_section&#8221;][vc_column bg_image=&#8221;15751&#8243; column_padding=&#8221;padding-7&#8243; column_center=&#8221;true&#8221; width=&#8221;1\/2&#8243;][\/vc_column][vc_column bg_color=&#8221;#222222&#8243; column_padding=&#8221;padding-7&#8243; column_center=&#8221;true&#8221; text_color=&#8221;light&#8221; width=&#8221;1\/2&#8243;][vc_column_text]Sa na\u0161om partnerskom firmom Level Studio, nudimo kompletnu uslugu vrhunske prezentacije za Va\u0161 objekat bilo da se radi o budu\u0107em ili postoje\u0107em objektu. Na jednom mjestu [&hellip;]<\/p>\n","protected":false},"author":1,"featured_media":0,"parent":0,"menu_order":0,"comment_status":"closed","ping_status":"closed","template":"","meta":[],"_links":{"self":[{"href":"https:\/\/espadia.ba\/v1\/wp-json\/wp\/v2\/pages\/15264"}],"collection":[{"href":"https:\/\/espadia.ba\/v1\/wp-json\/wp\/v2\/pages"}],"about":[{"href":"https:\/\/espadia.ba\/v1\/wp-json\/wp\/v2\/types\/page"}],"author":[{"embeddable":true,"href":"https:\/\/espadia.ba\/v1\/wp-json\/wp\/v2\/users\/1"}],"replies":[{"embeddable":true,"href":"https:\/\/espadia.ba\/v1\/wp-json\/wp\/v2\/comments?post=15264"}],"version-history":[{"count":222,"href":"https:\/\/espadia.ba\/v1\/wp-json\/wp\/v2\/pages\/15264\/revisions"}],"predecessor-version":[{"id":16023,"href":"https:\/\/espadia.ba\/v1\/wp-json\/wp\/v2\/pages\/15264\/revisions\/16023"}],"wp:attachment":[{"href":"https:\/\/espadia.ba\/v1\/wp-json\/wp\/v2\/media?parent=15264"}],"curies":[{"name":"wp","href":"https:\/\/api.w.org\/{rel}","templated":true}]}}